{"id":834,"date":"2024-02-12T19:58:47","date_gmt":"2024-02-12T18:58:47","guid":{"rendered":"http:\/\/localhost\/amept\/?page_id=834"},"modified":"2026-02-08T15:14:23","modified_gmt":"2026-02-08T14:14:23","slug":"realisations","status":"publish","type":"page","link":"https:\/\/amept-limousin.com\/index.php\/realisations\/","title":{"rendered":"R\u00e9alisations"},"content":{"rendered":"\n\n\n<section class=\"hero hero--association\" aria-label=\"Banni\u00e8re de la page\">\n    <div class=\"hero-shell\">\n        <div class=\"hero-full\">\n            <div class=\"hero-full__content\">\n                <h1>\n                    <span class=\"hero-title-line\">R\u00e9alisations<\/span>\n                <\/h1>\n            <\/div>\n        <\/div>\n    <\/div>\n<\/section>\n<div class=\"amept-after-hero-flag\" aria-hidden=\"true\">\n<div class=\"amept-after-hero-flag__inner\">\n\t\t<img\n\t\t\tsrc=\"\/wp-content\/themes\/amepttheme\/public\/icones\/togo_flag.png\"\n\t\t\talt=\"xxxx\"\n\t\t\ttitle=\"Drapeau du Togo\"\n\t\t\tclass=\"flag-icon\"\n\t\t>\n\t<\/div>\n<\/div>\n\n\n\n<div style=\"height:30px\" aria-hidden=\"true\" class=\"wp-block-spacer\"><\/div>\n\n\n<h2 class=\"wp-block-heading\">L\u2019ASSOCIATION A PU R\u00c9UNIR, DEPUIS SA CR\u00c9ATION, LA SOMME DE 279 503 \u20ac QUI A FINANC\u00c9 LES PROJETS SUIVANTS :<\/h2>\n\n\n\n<div class=\"wp-block-group\"><div class=\"wp-block-group__inner-container is-layout-constrained wp-block-group-is-layout-constrained\"><\/div><\/div>\n\n\n<div class=\"amept-table-scope\"><div class=\"table-container\"><table class=\"projects-table\"><thead><tr><th>P\u00c9RIODE<\/th><th>PROJET \/ D\u00c9TAILS<\/th><th>MONTANT<\/th><\/tr><\/thead><tbody><tr>\r\n<td data-label=\"P\u00c9RIODE\">2007 - 2008<\/td>\r\n<td data-label=\"PROJET \/ D\u00c9TAILS\">Construction d'un puits<\/td>\r\n<td class=\"amount text-right\" data-label=\"MONTANT\">12.400 \u20ac<\/td>\r\n<\/tr><tr>\r\n<td data-label=\"P\u00c9RIODE\">D\u00e9cembre 2007<\/td>\r\n<td data-label=\"PROJET \/ D\u00c9TAILS\">D\u00e9cembre 2007<\/td>\r\n<td class=\"amount text-right\" data-label=\"MONTANT\">1.400 \u20ac<\/td>\r\n<\/tr><tr>\r\n<td data-label=\"P\u00c9RIODE\">2009 - 2010<\/td>\r\n<td data-label=\"PROJET \/ D\u00c9TAILS\">Construction de deux cases dortoirs<\/td>\r\n<td class=\"amount text-right\" data-label=\"MONTANT\">15.500 \u20ac<\/td>\r\n<\/tr><tr>\r\n<td data-label=\"P\u00c9RIODE\">2010 - 2011<\/td>\r\n<td data-label=\"PROJET \/ D\u00c9TAILS\">Soins et vaccination (Typho\u00efde DTP, M\u00e9ningite, Hep. B)<\/td>\r\n<td class=\"amount text-right\" data-label=\"MONTANT\">13.527 \u20ac<\/td>\r\n<\/tr><tr>\r\n<td data-label=\"P\u00c9RIODE\">2011 - 2012<\/td>\r\n<td data-label=\"PROJET \/ D\u00c9TAILS\">Envoi d'un container contenant deux tracteurs, du mat\u00e9riel agricole puis maintenance des tracteurs<\/td>\r\n<td class=\"amount text-right\" data-label=\"MONTANT\">21.267 \u20ac<\/td>\r\n<\/tr><tr>\r\n<td data-label=\"P\u00c9RIODE\">2012 - 2013<\/td>\r\n<td data-label=\"PROJET \/ D\u00c9TAILS\">Construction de silos \u00e0 grains<\/td>\r\n<td class=\"amount text-right\" data-label=\"MONTANT\">15.000 \u20ac<\/td>\r\n<\/tr><tr>\r\n<td data-label=\"P\u00c9RIODE\">2013<\/td>\r\n<td data-label=\"PROJET \/ D\u00c9TAILS\">SAV du puits<\/td>\r\n<td class=\"amount text-right\" data-label=\"MONTANT\">2.667 \u20ac<\/td>\r\n<\/tr><tr>\r\n<td class=\"year-cell text-center\" rowspan=\"4\" data-label=\"P\u00c9RIODE\">ANN\u00c9E 2014<\/td>\r\n<td data-label=\"PROJET \/ D\u00c9TAILS\">Suivi des vaccinations Typho\u00efde, M\u00e9ningite, Antit\u00e9tanique<\/td>\r\n<td class=\"amount text-right\" data-label=\"MONTANT\">4.200 \u20ac<\/td>\r\n<\/tr><tr class=\"year-group\">\r\n<td data-label=\"PROJET \/ D\u00c9TAILS\">Envoi de mat\u00e9riel par container (13m3 de mat\u00e9riel agricole, informatique, et divers)<\/td>\r\n<td class=\"amount text-right\" data-label=\"MONTANT\">1.950 \u20ac<\/td>\r\n<\/tr><tr class=\"year-group\">\r\n<td data-label=\"PROJET \/ D\u00c9TAILS\">Achat d'un tracteur et d'une charrue neuve en partenariat avec Lebenschance<\/td>\r\n<td class=\"amount text-right\" data-label=\"MONTANT\">23.500 \u20ac<\/td>\r\n<\/tr><tr class=\"year-total\">\r\n<td class=\"total-label text-left\" data-label=\"PROJET \/ D\u00c9TAILS\"><strong>TOTAL 2014<\/strong><\/td>\r\n<td class=\"amount total-amount text-right\" data-label=\"MONTANT\"><strong>29.650 \u20ac<\/strong><\/td>\r\n<\/tr><tr>\r\n<td data-label=\"P\u00c9RIODE\">2014 - 2015<\/td>\r\n<td data-label=\"PROJET \/ D\u00c9TAILS\">Forage et construction d'un 2\u00e8me puits<\/td>\r\n<td class=\"amount text-right\" data-label=\"MONTANT\">10.581 \u20ac<\/td>\r\n<\/tr><tr>\r\n<td data-label=\"P\u00c9RIODE\">2015 - 2016<\/td>\r\n<td data-label=\"PROJET \/ D\u00c9TAILS\">Financement de mobilier scolaire<\/td>\r\n<td class=\"amount text-right\" data-label=\"MONTANT\">11.532 \u20ac<\/td>\r\n<\/tr><tr>\r\n<td data-label=\"P\u00c9RIODE\">2016 - 2017<\/td>\r\n<td data-label=\"PROJET \/ D\u00c9TAILS\">Construction de deux cases dortoirs<\/td>\r\n<td class=\"amount text-right\" data-label=\"MONTANT\">9.157 \u20ac<\/td>\r\n<\/tr><tr class=\"year-group\">\r\n<td class=\"year-cell text-center\" rowspan=\"6\" data-label=\"P\u00c9RIODE\">ANN\u00c9E 2017<\/td>\r\n<td data-label=\"PROJET \/ D\u00c9TAILS\">Financement semences ma\u00efs<\/td>\r\n<td class=\"amount text-right\" data-label=\"MONTANT\">4.679 \u20ac<\/td>\r\n<\/tr><tr class=\"year-group\">\r\n<td data-label=\"PROJET \/ D\u00c9TAILS\">Achat sacs de ma\u00efs<\/td>\r\n<td class=\"amount text-right\" data-label=\"MONTANT\">1.610 \u20ac<\/td>\r\n<\/tr><tr class=\"year-group\">\r\n<td data-label=\"PROJET \/ D\u00c9TAILS\">SAV du puits<\/td>\r\n<td class=\"amount text-right\" data-label=\"MONTANT\">1.260 \u20ac<\/td>\r\n<\/tr><tr class=\"year-group\">\r\n<td data-label=\"PROJET \/ D\u00c9TAILS\">Vaccinations Typho\u00efde, Antit\u00e9tanique<\/td>\r\n<td class=\"amount text-right\" data-label=\"MONTANT\">7.637 \u20ac<\/td>\r\n<\/tr><tr class=\"year-group\">\r\n<td data-label=\"PROJET \/ D\u00c9TAILS\">Financement achat machines \u00e0 coudre<\/td>\r\n<td class=\"amount text-right\" data-label=\"MONTANT\">1.440 \u20ac<\/td>\r\n<\/tr><tr class=\"year-total\">\r\n<td class=\"total-label text-left\" data-label=\"PROJET \/ D\u00c9TAILS\"><strong>TOTAL 2017<\/strong><\/td>\r\n<td class=\"amount total-amount text-right\" data-label=\"MONTANT\"><strong>16.626 \u20ac<\/strong><\/td>\r\n<\/tr><tr>\r\n<td data-label=\"P\u00c9RIODE\">2017 - 2018<\/td>\r\n<td data-label=\"PROJET \/ D\u00c9TAILS\">Construction de deux cases dortoirs<\/td>\r\n<td class=\"amount text-right\" data-label=\"MONTANT\">9.200 \u20ac<\/td>\r\n<\/tr><tr>\r\n<td class=\"year-cell text-center\" rowspan=\"6\" data-label=\"P\u00c9RIODE\">ANN\u00c9E 2019<\/td>\r\n<td data-label=\"PROJET \/ D\u00c9TAILS\">Achat d'un microscope et accessoires<\/td>\r\n<td class=\"amount text-right\" data-label=\"MONTANT\">658 \u20ac<\/td>\r\n<\/tr><tr>\r\n<td data-label=\"PROJET \/ D\u00c9TAILS\">Stage des \u00e9l\u00e8ves agronomes<\/td>\r\n<td class=\"amount text-right\" data-label=\"MONTANT\">4.000 \u20ac<\/td>\r\n<\/tr><tr>\r\n<td data-label=\"PROJET \/ D\u00c9TAILS\">R\u00e9paration toiture<\/td>\r\n<td class=\"amount text-right\" data-label=\"MONTANT\">1.360 \u20ac<\/td>\r\n<\/tr><tr>\r\n<td data-label=\"PROJET \/ D\u00c9TAILS\">Envoi d'un container<\/td>\r\n<td class=\"amount text-right\" data-label=\"MONTANT\">3.852 \u20ac<\/td>\r\n<\/tr><tr>\r\n<td data-label=\"PROJET \/ D\u00c9TAILS\">R\u00e9paration route suite inondations<\/td>\r\n<td class=\"amount text-right\" data-label=\"MONTANT\">2.200 \u20ac<\/td>\r\n<\/tr><tr class=\"year-total\">\r\n<td class=\"total-label text-left\" data-label=\"PROJET \/ D\u00c9TAILS\"><strong>TOTAL 2019<\/strong><\/td>\r\n<td class=\"amount total-amount text-right\" data-label=\"MONTANT\"><strong>12.070 \u20ac<\/strong><\/td>\r\n<\/tr><tr>\r\n<td class=\"year-cell text-center\" rowspan=\"6\" data-label=\"P\u00c9RIODE\">ANN\u00c9E 2020<\/td>\r\n<td data-label=\"PROJET \/ D\u00c9TAILS\">Dortoir<\/td>\r\n<td class=\"amount text-right\" data-label=\"MONTANT\">9.157 \u20ac<\/td>\r\n<\/tr><tr>\r\n<td data-label=\"PROJET \/ D\u00c9TAILS\">Vaccination Typho\u00efde - M\u00e9ningite<\/td>\r\n<td class=\"amount text-right\" data-label=\"MONTANT\">4.063 \u20ac<\/td>\r\n<\/tr><tr>\r\n<td data-label=\"PROJET \/ D\u00c9TAILS\">R\u00e9paration b\u00e2timents suite temp\u00eate<\/td>\r\n<td class=\"amount text-right\" data-label=\"MONTANT\">4.000 \u20ac<\/td>\r\n<\/tr><tr>\r\n<td data-label=\"PROJET \/ D\u00c9TAILS\">Aide alimentaire suite COVID<\/td>\r\n<td class=\"amount text-right\" data-label=\"MONTANT\">6.049 \u20ac<\/td>\r\n<\/tr><tr>\r\n<td data-label=\"PROJET \/ D\u00c9TAILS\">Repas de No\u00ebl<\/td>\r\n<td class=\"amount text-right\" data-label=\"MONTANT\">2.000 \u20ac<\/td>\r\n<\/tr><tr class=\"year-total\">\r\n<td class=\"total-label text-left\" data-label=\"PROJET \/ D\u00c9TAILS\"><strong>TOTAL 2020<\/strong><\/td>\r\n<td class=\"amount total-amount text-right\" data-label=\"MONTANT\"><strong>25.269 \u20ac<\/strong><\/td>\r\n<\/tr><tr>\r\n<td data-label=\"P\u00c9RIODE\">Avril - D\u00e9cembre 2021<\/td>\r\n<td data-label=\"PROJET \/ D\u00c9TAILS\">Virements 1.500\u20ac \/mois<\/td>\r\n<td class=\"amount text-right\" data-label=\"MONTANT\">13.500 \u20ac<\/td>\r\n<\/tr><tr>\r\n<td class=\"year-cell text-center\" rowspan=\"3\" data-label=\"P\u00c9RIODE\">ANN\u00c9E 2022<\/td>\r\n<td data-label=\"PROJET \/ D\u00c9TAILS\">Virements 1.500\u20ac x 5 et 1.000\u20ac x 2<\/td>\r\n<td class=\"amount text-right\" data-label=\"MONTANT\">9.500 \u20ac<\/td>\r\n<\/tr><tr>\r\n<td data-label=\"PROJET \/ D\u00c9TAILS\">Repas de No\u00ebl<\/td>\r\n<td class=\"amount text-right\" data-label=\"MONTANT\">1.000 \u20ac<\/td>\r\n<\/tr><tr class=\"year-total\">\r\n<td class=\"total-label text-left\" data-label=\"PROJET \/ D\u00c9TAILS\"><strong>TOTAL 2022<\/strong><\/td>\r\n<td class=\"amount total-amount text-right\" data-label=\"MONTANT\"><strong>10.500 \u20ac<\/strong><\/td>\r\n<\/tr><tr>\r\n<td class=\"year-cell text-center\" rowspan=\"5\" data-label=\"P\u00c9RIODE\">ANN\u00c9E 2023<\/td>\r\n<td data-label=\"PROJET \/ D\u00c9TAILS\">Envoi d'un container<\/td>\r\n<td class=\"amount text-right\" data-label=\"MONTANT\">3.180 \u20ac<\/td>\r\n<\/tr><tr>\r\n<td data-label=\"PROJET \/ D\u00c9TAILS\">Vaccinations<\/td>\r\n<td class=\"amount text-right\" data-label=\"MONTANT\">4.407 \u20ac<\/td>\r\n<\/tr><tr>\r\n<td data-label=\"PROJET \/ D\u00c9TAILS\">Aide sant\u00e9 et m\u00e9dicaments<\/td>\r\n<td class=\"amount text-right\" data-label=\"MONTANT\">12.000 \u20ac<\/td>\r\n<\/tr><tr>\r\n<td data-label=\"PROJET \/ D\u00c9TAILS\">Repas de No\u00ebl<\/td>\r\n<td class=\"amount text-right\" data-label=\"MONTANT\">1.000 \u20ac<\/td>\r\n<\/tr><tr class=\"year-total\">\r\n<td class=\"total-label text-left\" data-label=\"PROJET \/ D\u00c9TAILS\"><strong>TOTAL 2023<\/strong><\/td>\r\n<td class=\"amount total-amount text-right\" data-label=\"MONTANT\"><strong>20.587 \u20ac<\/strong><\/td>\r\n<\/tr><tr>\r\n<td class=\"year-cell text-center\" rowspan=\"7\" data-label=\"P\u00c9RIODE\">ANN\u00c9E 2024<\/td>\r\n<td data-label=\"PROJET \/ D\u00c9TAILS\">R\u00e9paration de toitures de b\u00e2timents<\/td>\r\n<td class=\"amount text-right\" data-label=\"MONTANT\">7.070 \u20ac<\/td>\r\n<\/tr><tr>\r\n<td data-label=\"PROJET \/ D\u00c9TAILS\">Toiture centre de formation Lom\u00e9<\/td>\r\n<td class=\"amount text-right\" data-label=\"MONTANT\">5.000 \u20ac<\/td>\r\n<\/tr><tr>\r\n<td data-label=\"PROJET \/ D\u00c9TAILS\">Aide sant\u00e9 et alimentaire (Jan-F\u00e9v-Mars-Mai-Ao\u00fbt)<\/td>\r\n<td class=\"amount text-right\" data-label=\"MONTANT\">5.000 \u20ac<\/td>\r\n<\/tr><tr>\r\n<td data-label=\"PROJET \/ D\u00c9TAILS\">Aide rentr\u00e9e scolaire (Septembre)<\/td>\r\n<td class=\"amount text-right\" data-label=\"MONTANT\">2.000 \u20ac<\/td>\r\n<\/tr><tr>\r\n<td data-label=\"PROJET \/ D\u00c9TAILS\">Compl\u00e9ment toiture centre de formation Lom\u00e9 (Novembre)<\/td>\r\n<td class=\"amount text-right\" data-label=\"MONTANT\">2.000 \u20ac<\/td>\r\n<\/tr><tr>\r\n<td data-label=\"PROJET \/ D\u00c9TAILS\">Repas de No\u00ebl (D\u00e9cembre)<\/td>\r\n<td class=\"amount text-right\" data-label=\"MONTANT\">1.000 \u20ac<\/td>\r\n<\/tr><tr class=\"year-total\">\r\n<td class=\"total-label text-left\" data-label=\"PROJET \/ D\u00c9TAILS\"><strong>TOTAL 2024<\/strong><\/td>\r\n<td class=\"amount total-amount text-right\" data-label=\"MONTANT\"><strong>22.070 \u20ac<\/strong><\/td>\r\n<\/tr><tr>\r\n<td class=\"year-cell text-center\" rowspan=\"5\" data-label=\"P\u00c9RIODE\">2025<\/td>\r\n<td data-label=\"PROJET \/ D\u00c9TAILS\">AIDE SANT\u00c9 (janvier - mars - mai - juillet - septembre - novembre)<\/td>\r\n<td class=\"amount text-right\" data-label=\"MONTANT\">5.000 \u20ac<\/td>\r\n<\/tr><tr>\r\n<td style=\"font-weight: 700\" data-label=\"PROJET \/ D\u00c9TAILS\">MOUSTIQUAIRES<\/td>\r\n<td style=\"font-weight: 700\" data-label=\"MONTANT\">1.000 \u20ac<\/td>\r\n<\/tr><tr>\r\n<td data-label=\"PROJET \/ D\u00c9TAILS\">RENTR\u00c9E SCOLAIRE 2025 (Septembre 2025)<\/td>\r\n<td class=\"amount text-right\" data-label=\"MONTANT\">1.000 \u20ac<\/td>\r\n<\/tr><tr>\r\n<td data-label=\"PROJET \/ D\u00c9TAILS\">REPAS DE NO\u00cbL (D\u00e9cembre 2025)<\/td>\r\n<td class=\"amount text-right\" data-label=\"MONTANT\">1.000 \u20ac<\/td>\r\n<\/tr><tr class=\"year-total\">\r\n<td class=\"total-label text-left\" data-label=\"PROJET \/ D\u00c9TAILS\"><strong>TOTAL 2025<\/strong><\/td>\r\n<td class=\"amount total-amount text-right\" data-label=\"MONTANT\"><strong>8.000 \u20ac<\/strong><\/td>\r\n<\/tr><\/tbody><\/table><\/div><\/div>\n\n\n\n<p><\/p>\n","protected":false},"excerpt":{"rendered":"<p>R\u00e9alisations<\/p>\n","protected":false},"author":1,"featured_media":0,"parent":0,"menu_order":0,"comment_status":"closed","ping_status":"closed","template":"","meta":{"_acf_changed":false,"footnotes":""},"class_list":["post-834","page","type-page","status-publish","hentry"],"acf":[],"_links":{"self":[{"href":"https:\/\/amept-limousin.com\/index.php\/wp-json\/wp\/v2\/pages\/834","targetHints":{"allow":["GET"]}}],"collection":[{"href":"https:\/\/amept-limousin.com\/index.php\/wp-json\/wp\/v2\/pages"}],"about":[{"href":"https:\/\/amept-limousin.com\/index.php\/wp-json\/wp\/v2\/types\/page"}],"author":[{"embeddable":true,"href":"https:\/\/amept-limousin.com\/index.php\/wp-json\/wp\/v2\/users\/1"}],"replies":[{"embeddable":true,"href":"https:\/\/amept-limousin.com\/index.php\/wp-json\/wp\/v2\/comments?post=834"}],"version-history":[{"count":158,"href":"https:\/\/amept-limousin.com\/index.php\/wp-json\/wp\/v2\/pages\/834\/revisions"}],"predecessor-version":[{"id":1377,"href":"https:\/\/amept-limousin.com\/index.php\/wp-json\/wp\/v2\/pages\/834\/revisions\/1377"}],"wp:attachment":[{"href":"https:\/\/amept-limousin.com\/index.php\/wp-json\/wp\/v2\/media?parent=834"}],"curies":[{"name":"wp","href":"https:\/\/api.w.org\/{rel}","templated":true}]}}