{"id":408,"date":"2022-03-10T13:04:42","date_gmt":"2022-03-10T12:04:42","guid":{"rendered":"http:\/\/localhost\/amept\/?page_id=408"},"modified":"2026-02-05T16:37:13","modified_gmt":"2026-02-05T15:37:13","slug":"soutien","status":"publish","type":"page","link":"https:\/\/amept-limousin.com\/index.php\/soutien\/","title":{"rendered":"Je Soutiens  !"},"content":{"rendered":"\n<section aria-label=\"Banni\u00e8re de la page\" class=\"wp-block-group hero hero--association\"><div class=\"wp-block-group__inner-container is-layout-constrained wp-block-group-is-layout-constrained\">\n<div class=\"wp-block-group hero-shell\"><div class=\"wp-block-group__inner-container is-layout-constrained wp-block-group-is-layout-constrained\">\n<div class=\"wp-block-group hero-full\"><div class=\"wp-block-group__inner-container is-layout-constrained wp-block-group-is-layout-constrained\">\n<div class=\"wp-block-group hero-full__content\"><div class=\"wp-block-group__inner-container is-layout-constrained wp-block-group-is-layout-constrained\">\n<h1 class=\"wp-block-heading\"><span class=\"hero-title-line\">Je soutiens<\/span><\/h1>\n<\/div><\/div>\n<\/div><\/div>\n<\/div><\/div>\n<\/div><\/section>\n\n\n\n<div id=\"je-soutiens\" class=\"wp-block-group section activities-section\"><div class=\"wp-block-group__inner-container is-layout-flow wp-block-group-is-layout-flow\">\n<div class=\"wp-block-group container\"><div class=\"wp-block-group__inner-container is-layout-flow wp-block-group-is-layout-flow\">\n<p>Si vous souhaitez soutenir l&rsquo;<strong>ASSOCIATION AMEPT LIMOUSIN<\/strong>, il existe actuellement trois formules&nbsp;:<\/p>\n\n\n\n<ul class=\"wp-block-list\">\n<li>Adh\u00e9sion \u00e0 25&nbsp;\u20ac\/an<\/li>\n\n\n\n<li>Mensualisation \u00e0 partir de 10&nbsp;\u20ac\/mois<\/li>\n\n\n\n<li>Don libre<\/li>\n<\/ul>\n\n\n\n<p>Quel que soit la formule choisie, les dons ou abandons de revenus des particuliers ou entreprises au profit d\u2019\u0153uvres, d\u2019organismes d\u2019int\u00e9r\u00eat g\u00e9n\u00e9ral ou d&rsquo;associations d&rsquo;aide aux personnes, ouvrent droit \u00e0 r\u00e9duction d&rsquo;imp\u00f4t&nbsp;: <a href=\"https:\/\/www.economie.gouv.fr\/cedef\/reduction-impot-dons-associations\" data-type=\"URL\" data-id=\"https:\/\/www.economie.gouv.fr\/cedef\/reduction-impot-dons-associations\" target=\"_blank\" rel=\"noreferrer noopener\">https:\/\/www.economie.gouv.fr\/cedef\/reduction-impot-dons-associations<\/a><\/p>\n\n\n\n<h3 class=\"wp-block-heading\">Les moyens de paiement :<\/h3>\n\n\n\n<p class=\"has-medium-font-size\"><strong>Par virement<\/strong><\/p>\n\n\n\n<div class=\"wp-block-group\"><div class=\"wp-block-group__inner-container is-layout-constrained wp-block-group-is-layout-constrained\">\n<figure class=\"wp-block-table is-style-regular\"><table class=\"has-background\" style=\"background:linear-gradient(135deg,rgb(252,185,0) 46%,rgb(255,105,0) 100%)\"><tbody><tr><td class=\"has-text-align-center\" data-align=\"center\"><strong>NOM<\/strong><\/td><td class=\"has-text-align-center\" data-align=\"center\">AMEPT LIMOUSIN<\/td><\/tr><tr><td class=\"has-text-align-center\" data-align=\"center\"><strong>IBAN<\/strong><\/td><td class=\"has-text-align-center\" data-align=\"center\">FR76 1027 8365 0700 0115 1380 131<\/td><\/tr><tr><td class=\"has-text-align-center\" data-align=\"center\"><strong>BIC<\/strong><\/td><td class=\"has-text-align-center\" data-align=\"center\">CMCIFR2A<\/td><\/tr><tr><td class=\"has-text-align-center\" data-align=\"center\">Remarque<\/td><td class=\"has-text-align-center\" data-align=\"center\">Merci d&rsquo;intituler le virement avec nom et pr\u00e9nom<\/td><\/tr><\/tbody><\/table><\/figure>\n<\/div><\/div>\n\n\n\n<p class=\"has-medium-font-size\"><strong>Par ch\u00e8que<\/strong><\/p>\n\n\n\n<figure class=\"wp-block-table is-style-regular\"><table class=\"has-background\" style=\"background:linear-gradient(135deg,rgb(252,185,0) 45%,rgb(255,105,0) 100%)\"><tbody><tr><td class=\"has-text-align-center\" data-align=\"center\">\nEnvoi par ch\u00e8que \u00e0 l&rsquo;ordre de AMEPT LIMOUSIN \u00e0 l&rsquo;adresse suivante :<br><br>\nMonsieur Didier DESFORGES<br>\n15 rue Martin Fr\u00e9minet<br>\n87100 LIMOGES<br><br>\nMerci d&rsquo;indiquer au dos du ch\u00e8que adresse mail et\/ou num\u00e9ro de t\u00e9l\u00e9phone\n<\/td><\/tr><\/tbody><\/table><\/figure>\n<\/div><\/div>\n<\/div><\/div>\n\n\n<\/div>\n<p><!-- \/wp:post-content --><\/p>","protected":false},"excerpt":{"rendered":"<p>Je soutiens Si vous souhaitez soutenir l&rsquo;ASSOCIATION AMEPT LIMOUSIN, il existe actuellement trois formules&nbsp;: Quel que soit la formule choisie, les dons ou abandons de revenus des particuliers ou entreprises au profit d\u2019\u0153uvres, d\u2019organismes d\u2019int\u00e9r\u00eat g\u00e9n\u00e9ral ou d&rsquo;associations d&rsquo;aide aux personnes, ouvrent droit \u00e0 r\u00e9duction d&rsquo;imp\u00f4t&nbsp;: https:\/\/www.economie.gouv.fr\/cedef\/reduction-impot-dons-associations Les moyens de paiement : Par virement NOM [&hellip;]<\/p>\n","protected":false},"author":1,"featured_media":0,"parent":0,"menu_order":0,"comment_status":"closed","ping_status":"closed","template":"","meta":{"_acf_changed":false,"footnotes":""},"class_list":["post-408","page","type-page","status-publish","hentry"],"acf":[],"_links":{"self":[{"href":"https:\/\/amept-limousin.com\/index.php\/wp-json\/wp\/v2\/pages\/408","targetHints":{"allow":["GET"]}}],"collection":[{"href":"https:\/\/amept-limousin.com\/index.php\/wp-json\/wp\/v2\/pages"}],"about":[{"href":"https:\/\/amept-limousin.com\/index.php\/wp-json\/wp\/v2\/types\/page"}],"author":[{"embeddable":true,"href":"https:\/\/amept-limousin.com\/index.php\/wp-json\/wp\/v2\/users\/1"}],"replies":[{"embeddable":true,"href":"https:\/\/amept-limousin.com\/index.php\/wp-json\/wp\/v2\/comments?post=408"}],"version-history":[{"count":46,"href":"https:\/\/amept-limousin.com\/index.php\/wp-json\/wp\/v2\/pages\/408\/revisions"}],"predecessor-version":[{"id":1357,"href":"https:\/\/amept-limousin.com\/index.php\/wp-json\/wp\/v2\/pages\/408\/revisions\/1357"}],"wp:attachment":[{"href":"https:\/\/amept-limousin.com\/index.php\/wp-json\/wp\/v2\/media?parent=408"}],"curies":[{"name":"wp","href":"https:\/\/api.w.org\/{rel}","templated":true}]}}